{"id":599,"date":"2022-05-20T06:59:21","date_gmt":"2022-05-20T06:59:21","guid":{"rendered":"https:\/\/mocs.novae.website\/pagina-de-inicio\/"},"modified":"2025-01-07T10:14:49","modified_gmt":"2025-01-07T10:14:49","slug":"pagina-de-inicio","status":"publish","type":"page","link":"https:\/\/www.mocs-drilling.com\/es\/","title":{"rendered":"Inicio"},"content":{"rendered":"[vc_row type=\u00bbfull_width_content\u00bb full_screen_row_position=\u00bbmiddle\u00bb column_margin=\u00bbdefault\u00bb column_direction=\u00bbdefault\u00bb column_direction_tablet=\u00bbdefault\u00bb column_direction_phone=\u00bbdefault\u00bb bg_image=\u00bb20&#8243; bg_position=\u00bbcenter top\u00bb background_image_loading=\u00bbdefault\u00bb bg_repeat=\u00bbno-repeat\u00bb full_height=\u00bbyes\u00bb scene_position=\u00bbcenter\u00bb left_padding_desktop=\u00bb50&#8243; constrain_group_2=\u00bbyes\u00bb right_padding_desktop=\u00bb50&#8243; top_padding_phone=\u00bb50&#8243; left_padding_phone=\u00bb25&#8243; constrain_group_6=\u00bbyes\u00bb right_padding_phone=\u00bb25&#8243; text_color=\u00bblight\u00bb text_align=\u00bbleft\u00bb row_border_radius=\u00bbnone\u00bb row_border_radius_applies=\u00bbbg\u00bb overflow=\u00bbvisible\u00bb id=\u00bbmocs-home\u00bb advanced_gradient=\u00bblinear-gradient(180deg, rgba(0,28,71,0) 52%, rgb(0,28,71) 97%)\u00bb advanced_gradient_angle=\u00bb180&#8243; shape_divider_position=\u00bbbottom\u00bb bg_image_animation=\u00bbnone\u00bb gradient_type=\u00bbadvanced\u00bb shape_type=\u00bb\u00bb advanced_gradient_display_type=\u00bblinear\u00bb][vc_column column_padding=\u00bbno-extra-padding\u00bb column_padding_tablet=\u00bbinherit\u00bb column_padding_phone=\u00bbinherit\u00bb column_padding_position=\u00bball\u00bb column_element_spacing=\u00bbdefault\u00bb background_color_opacity=\u00bb1&#8243; background_hover_color_opacity=\u00bb1&#8243; column_shadow=\u00bbnone\u00bb column_border_radius=\u00bbnone\u00bb column_link_target=\u00bb_self\u00bb column_position=\u00bbdefault\u00bb gradient_direction=\u00bbleft_to_right\u00bb overlay_strength=\u00bb0.3&#8243; width=\u00bb1\/2&#8243; tablet_width_inherit=\u00bbdefault\u00bb tablet_text_alignment=\u00bbdefault\u00bb phone_text_alignment=\u00bbdefault\u00bb animation_type=\u00bbdefault\u00bb bg_image_animation=\u00bbnone\u00bb border_type=\u00bbsimple\u00bb column_border_width=\u00bbnone\u00bb column_border_style=\u00bbsolid\u00bb][divider line_type=\u00bbNo Line\u00bb custom_height=\u00bb100&#8243;][vc_custom_heading text=\u00bbEspecialista en el suministro de productos y servicios para la industria del petr\u00f3leo y el gas\u00bb font_container=\u00bbtag:h1|text_align:left|color:%23ffffff\u00bb use_theme_fonts=\u00bbyes\u00bb][vc_column_text css=\u00bb.vc_custom_1653901738321{padding-top: 25px !important;padding-bottom: 50px !important;}\u00bb el_class=\u00bbsub-text\u00bb]Nuestro objetivo es entregar los equipos con un coste de capital controlado, a tiempo y con un nivel de calidad constante para evitar la interrupci\u00f3n de las operaciones de nuestros clientes.[\/vc_column_text][nectar_btn size=\u00bbjumbo\u00bb button_style=\u00bbregular\u00bb button_color_2=\u00bbAccent-Color\u00bb icon_family=\u00bbnone\u00bb el_class=\u00bbmain-btn\u00bb text=\u00bbLa compa\u00f1\u00eda\u00bb url=\u00bb\/es\/compania\/\u00bb margin_right=\u00bb80&#8243;][\/vc_column][vc_column column_padding=\u00bbno-extra-padding\u00bb column_padding_tablet=\u00bbinherit\u00bb column_padding_phone=\u00bbinherit\u00bb column_padding_position=\u00bball\u00bb column_element_spacing=\u00bbdefault\u00bb background_color_opacity=\u00bb1&#8243; background_hover_color_opacity=\u00bb1&#8243; column_shadow=\u00bbnone\u00bb column_border_radius=\u00bbnone\u00bb column_link_target=\u00bb_self\u00bb column_position=\u00bbdefault\u00bb gradient_direction=\u00bbleft_to_right\u00bb overlay_strength=\u00bb0.3&#8243; width=\u00bb1\/2&#8243; tablet_width_inherit=\u00bbdefault\u00bb tablet_text_alignment=\u00bbdefault\u00bb phone_text_alignment=\u00bbdefault\u00bb animation_type=\u00bbdefault\u00bb bg_image_animation=\u00bbnone\u00bb border_type=\u00bbsimple\u00bb column_border_width=\u00bbnone\u00bb column_border_style=\u00bbsolid\u00bb][\/vc_column][\/vc_row][vc_row type=\u00bbfull_width_content\u00bb full_screen_row_position=\u00bbmiddle\u00bb column_margin=\u00bbdefault\u00bb column_direction=\u00bbdefault\u00bb column_direction_tablet=\u00bbdefault\u00bb column_direction_phone=\u00bbdefault\u00bb bg_color=\u00bb#001c47&#8243; scene_position=\u00bbcenter\u00bb top_padding=\u00bb200&#8243; bottom_padding=\u00bb100&#8243; left_padding_desktop=\u00bb50&#8243; constrain_group_2=\u00bbyes\u00bb right_padding_desktop=\u00bb50&#8243; left_padding_phone=\u00bb25&#8243; constrain_group_6=\u00bbyes\u00bb right_padding_phone=\u00bb25&#8243; text_color=\u00bblight\u00bb text_align=\u00bbleft\u00bb row_border_radius=\u00bbnone\u00bb row_border_radius_applies=\u00bbbg\u00bb overflow=\u00bbvisible\u00bb advanced_gradient_angle=\u00bb0&#8243; overlay_strength=\u00bb0.3&#8243; gradient_direction=\u00bbleft_to_right\u00bb shape_divider_position=\u00bbbottom\u00bb bg_image_animation=\u00bbnone\u00bb gradient_type=\u00bbdefault\u00bb shape_type=\u00bb\u00bb][vc_column column_padding=\u00bbno-extra-padding\u00bb column_padding_tablet=\u00bbinherit\u00bb column_padding_phone=\u00bbinherit\u00bb column_padding_position=\u00bball\u00bb column_element_spacing=\u00bbdefault\u00bb background_color_opacity=\u00bb1&#8243; background_hover_color_opacity=\u00bb1&#8243; column_shadow=\u00bbnone\u00bb column_border_radius=\u00bbnone\u00bb column_link_target=\u00bb_self\u00bb column_position=\u00bbdefault\u00bb gradient_direction=\u00bbleft_to_right\u00bb overlay_strength=\u00bb0.3&#8243; width=\u00bb1\/1&#8243; tablet_width_inherit=\u00bbdefault\u00bb tablet_text_alignment=\u00bbdefault\u00bb phone_text_alignment=\u00bbdefault\u00bb animation_type=\u00bbdefault\u00bb bg_image_animation=\u00bbnone\u00bb border_type=\u00bbsimple\u00bb column_border_width=\u00bbnone\u00bb column_border_style=\u00bbsolid\u00bb][vc_custom_heading text=\u00bbNuestros servicios\u00bb font_container=\u00bbtag:h2|text_align:center|color:%23ffffff\u00bb use_theme_fonts=\u00bbyes\u00bb][vc_column_text css=\u00bb.vc_custom_1653901741626{padding-top: 25px !important;padding-bottom: 50px !important;}\u00bb el_class=\u00bbsub-text\u00bb]\n<p style=\"text-align: center;\">MOCS es SU contacto de confianza para sus necesidades en el sector del petr\u00f3leo y el gas.<br \/>\nSuministramos: tubos de petr\u00f3leo (OCTG) y accesorios de cementaci\u00f3n, accesorios de perforaci\u00f3n y piezas de recambio,<br \/>\nequipo de taller de petr\u00f3leo de acuerdo con las normas API aplicables.<\/p>\n[\/vc_column_text][vc_row_inner equal_height=\u00bbyes\u00bb content_placement=\u00bbtop\u00bb column_margin=\u00bb50px\u00bb column_direction=\u00bbdefault\u00bb column_direction_tablet=\u00bbdefault\u00bb column_direction_phone=\u00bbdefault\u00bb left_padding_desktop=\u00bb150&#8243; constrain_group_2=\u00bbyes\u00bb right_padding_desktop=\u00bb150&#8243; left_padding_tablet=\u00bb50&#8243; constrain_group_4=\u00bbyes\u00bb right_padding_tablet=\u00bb50&#8243; left_padding_phone=\u00bb50&#8243; constrain_group_6=\u00bbyes\u00bb right_padding_phone=\u00bb50&#8243; text_align=\u00bbleft\u00bb row_position=\u00bbdefault\u00bb row_position_tablet=\u00bbinherit\u00bb row_position_phone=\u00bbinherit\u00bb overflow=\u00bbvisible\u00bb pointer_events=\u00bball\u00bb][vc_column_inner column_padding=\u00bbno-extra-padding\u00bb column_padding_tablet=\u00bbinherit\u00bb column_padding_phone=\u00bbinherit\u00bb column_padding_position=\u00bball\u00bb column_element_spacing=\u00bbdefault\u00bb background_color_opacity=\u00bb1&#8243; background_hover_color_opacity=\u00bb1&#8243; column_shadow=\u00bbnone\u00bb column_border_radius=\u00bbnone\u00bb column_link_target=\u00bb_self\u00bb gradient_direction=\u00bbleft_to_right\u00bb overlay_strength=\u00bb0.3&#8243; width=\u00bb1\/3&#8243; tablet_width_inherit=\u00bbdefault\u00bb animation_type=\u00bbdefault\u00bb bg_image_animation=\u00bbnone\u00bb border_type=\u00bbsimple\u00bb column_border_width=\u00bbnone\u00bb column_border_style=\u00bbsolid\u00bb][vc_column_text css=\u00bb.vc_custom_1733151195346{padding-top: 25px !important;padding-bottom: 50px !important;}\u00bb]\n<div class=\"presta-blocs\">\n<h3>Servicios de consultor\u00eda<\/h3>\n<p style=\"text-align: left;\">Su contacto para sus necesidades en la industria del petr\u00f3leo y el gas.<\/p>\n<ul class=\"custom-lists\">\n<li>Asistencia y apoyo t\u00e9cnico para la elecci\u00f3n del equipo<\/li>\n<li>Suministro de equipos perfectamente adaptados a sus necesidades<\/li>\n<li>Gesti\u00f3n de la soluci\u00f3n integrada de alquiler\/certificaci\u00f3n de v\u00e1lvulas de seguridad (BOP)<\/li>\n<li>Servicios log\u00edsticos para optimizar la entrega en el destino final<\/li>\n<\/ul>\n<\/div>\n<div class=\"presta-link\"><a class=\"links-mocs\" href=\"\/es\/en-construccion\/\">Leer m\u00e1s<\/a><\/div>\n[\/vc_column_text][\/vc_column_inner][vc_column_inner column_padding=\u00bbno-extra-padding\u00bb column_padding_tablet=\u00bbinherit\u00bb column_padding_phone=\u00bbinherit\u00bb column_padding_position=\u00bball\u00bb column_element_spacing=\u00bbdefault\u00bb background_color_opacity=\u00bb1&#8243; background_hover_color_opacity=\u00bb1&#8243; column_shadow=\u00bbnone\u00bb column_border_radius=\u00bbnone\u00bb column_link_target=\u00bb_self\u00bb gradient_direction=\u00bbleft_to_right\u00bb overlay_strength=\u00bb0.3&#8243; width=\u00bb1\/3&#8243; tablet_width_inherit=\u00bbdefault\u00bb animation_type=\u00bbdefault\u00bb bg_image_animation=\u00bbnone\u00bb border_type=\u00bbsimple\u00bb column_border_width=\u00bbnone\u00bb column_border_style=\u00bbsolid\u00bb][vc_column_text css=\u00bb.vc_custom_1733151200263{padding-top: 25px !important;padding-bottom: 50px !important;}\u00bb]\n<div class=\"presta-blocs\">\n<h3>Venta<\/h3>\n<p style=\"text-align: left;\">Material espec\u00edfico para satisfacer sus necesidades y requisitos.<\/p>\n<ul class=\"custom-lists\">\n<li>Tubos de petr\u00f3leo (OCTG) y accesorios de cementaci\u00f3n<\/li>\n<li>Equipos de perforaci\u00f3n y piezas de recambio<\/li>\n<li>Equipos de taller de aceite (bancos de atornillado, sistemas de control de par, morteros l\u00e1ser, etc.)<\/li>\n<\/ul>\n<\/div>\n<div class=\"presta-link\"><a class=\"links-mocs\" href=\"\/es\/en-construccion\/\">Leer m\u00e1s<\/a><\/div>\n[\/vc_column_text][\/vc_column_inner][vc_column_inner column_padding=\u00bbno-extra-padding\u00bb column_padding_tablet=\u00bbinherit\u00bb column_padding_phone=\u00bbinherit\u00bb column_padding_position=\u00bball\u00bb column_element_spacing=\u00bbdefault\u00bb background_color_opacity=\u00bb1&#8243; background_hover_color_opacity=\u00bb1&#8243; column_shadow=\u00bbnone\u00bb column_border_radius=\u00bbnone\u00bb column_link_target=\u00bb_self\u00bb gradient_direction=\u00bbleft_to_right\u00bb overlay_strength=\u00bb0.3&#8243; width=\u00bb1\/3&#8243; tablet_width_inherit=\u00bbdefault\u00bb animation_type=\u00bbdefault\u00bb bg_image_animation=\u00bbnone\u00bb border_type=\u00bbsimple\u00bb column_border_width=\u00bbnone\u00bb column_border_style=\u00bbsolid\u00bb][vc_column_text css=\u00bb.vc_custom_1733151204892{padding-top: 25px !important;padding-bottom: 50px !important;}\u00bb]\n<div class=\"presta-blocs\">\n<h3>Alquiler<\/h3>\n<p style=\"text-align: left;\">Escuchamos sus necesidades espec\u00edficas de alquiler.<\/p>\n<ul class=\"custom-lists\">\n<li>Sarta de perforaci\u00f3n, sarta de aterrizaje, tuber\u00eda de prueba de pozos (DST), incluidas las herramientas de amortiguaci\u00f3n y manipulaci\u00f3n<\/li>\n<li>Tapones de seguridad (BOP): anulares y con abrazaderas, bridas adaptadoras de doble taco (DSA), acoplamientos con bridas (Riser)<\/li>\n<\/ul>\n<\/div>\n<div class=\"presta-link\"><a class=\"links-mocs\" href=\"\/es\/en-construccion\/\">Leer m\u00e1s<\/a><\/div>\n[\/vc_column_text][\/vc_column_inner][\/vc_row_inner][\/vc_column][\/vc_row][vc_row type=\u00bbfull_width_content\u00bb full_screen_row_position=\u00bbmiddle\u00bb column_margin=\u00bbdefault\u00bb column_direction=\u00bbdefault\u00bb column_direction_tablet=\u00bbdefault\u00bb column_direction_phone=\u00bbdefault\u00bb bg_color=\u00bb#001c47&#8243; scene_position=\u00bbcenter\u00bb top_padding=\u00bb200&#8243; constrain_group_1=\u00bbyes\u00bb bottom_padding=\u00bb200&#8243; left_padding_desktop=\u00bb50&#8243; right_padding_desktop=\u00bb0&#8243; left_padding_phone=\u00bb25&#8243; text_color=\u00bblight\u00bb text_align=\u00bbleft\u00bb row_border_radius=\u00bbnone\u00bb row_border_radius_applies=\u00bbbg\u00bb overflow=\u00bbvisible\u00bb id=\u00bbinfo-mocs\u00bb advanced_gradient_angle=\u00bb0&#8243; overlay_strength=\u00bb0.3&#8243; gradient_direction=\u00bbleft_to_right\u00bb shape_divider_position=\u00bbbottom\u00bb bg_image_animation=\u00bbnone\u00bb gradient_type=\u00bbdefault\u00bb shape_type=\u00bb\u00bb][vc_column column_padding=\u00bbpadding-8-percent\u00bb column_padding_tablet=\u00bbinherit\u00bb column_padding_phone=\u00bbinherit\u00bb column_padding_position=\u00bbtop-bottom\u00bb column_element_spacing=\u00bbdefault\u00bb background_color_opacity=\u00bb1&#8243; background_hover_color_opacity=\u00bb1&#8243; column_shadow=\u00bbnone\u00bb column_border_radius=\u00bbnone\u00bb column_link_target=\u00bb_self\u00bb column_position=\u00bbdefault\u00bb el_class=\u00bbinfo-left\u00bb advanced_gradient_angle=\u00bb0&#8243; gradient_direction=\u00bbleft_to_right\u00bb overlay_strength=\u00bb0.3&#8243; width=\u00bb1\/3&#8243; tablet_width_inherit=\u00bbdefault\u00bb tablet_text_alignment=\u00bbdefault\u00bb phone_text_alignment=\u00bbdefault\u00bb animation_type=\u00bbdefault\u00bb bg_image_animation=\u00bbnone\u00bb border_type=\u00bbsimple\u00bb column_border_width=\u00bbnone\u00bb column_border_style=\u00bbsolid\u00bb gradient_type=\u00bbdefault\u00bb][vc_custom_heading text=\u00bb\u00bfQui\u00e9nes somos?\u00bb font_container=\u00bbtag:h2|text_align:left|color:%23ffffff\u00bb use_theme_fonts=\u00bbyes\u00bb][vc_column_text css=\u00bb.vc_custom_1653902131388{padding-top: 25px !important;padding-bottom: 50px !important;}\u00bb]MOCS es un proveedor de la industria del petr\u00f3leo y el gas y se compromete a satisfacer las necesidades y requisitos espec\u00edficos de sus clientes.<\/p>\n<p>Nuestra actividad :<\/p>\n<ul class=\"custom-lists\">\n<li>La venta de tubos de petr\u00f3leo (OCTG) y accesorios para columnas de tubos.<\/li>\n<li>Alquiler de herramientas de fondo de pozo, tubos de perforaci\u00f3n, tubos de prueba de pozos,<br \/>\nde tapones y mordazas de seguridad.<\/li>\n<\/ul>\n<p>Nuestro objetivo es entregar los equipos con un coste de capital controlado, a tiempo y con un nivel de calidad constante para evitar la interrupci\u00f3n de las operaciones de nuestros clientes.<\/p>\n<p>Tanto si busca un componente como un paquete completo, MOCS puede satisfacer sus necesidades.<br \/>\n[\/vc_column_text][nectar_btn size=\u00bbjumbo\u00bb button_style=\u00bbregular\u00bb button_color_2=\u00bbAccent-Color\u00bb icon_family=\u00bbnone\u00bb el_class=\u00bbmain-btn\u00bb text=\u00bbSolicitud de presupuesto\u00bb url=\u00bb\/es\/en-construccion\/\u00bb margin_right=\u00bb56&#8243;][nectar_btn size=\u00bbjumbo\u00bb button_style=\u00bbregular\u00bb button_color_2=\u00bbAccent-Color\u00bb color_override=\u00bbrgba(0,51,130,0.01)\u00bb icon_family=\u00bbnone\u00bb el_class=\u00bbalt-btn\u00bb text=\u00bbContacto con nosotros\u00bb url=\u00bb\/es\/contacto\/\u00bb][\/vc_column][vc_column column_padding=\u00bbno-extra-padding\u00bb column_padding_tablet=\u00bbinherit\u00bb column_padding_phone=\u00bbinherit\u00bb column_padding_position=\u00bball\u00bb column_element_spacing=\u00bbdefault\u00bb background_color_opacity=\u00bb1&#8243; background_hover_color_opacity=\u00bb1&#8243; background_image=\u00bb61&#8243; background_image_position=\u00bbright center\u00bb background_image_loading=\u00bbdefault\u00bb column_shadow=\u00bbnone\u00bb column_border_radius=\u00bbnone\u00bb column_link_target=\u00bb_self\u00bb column_position=\u00bbdefault\u00bb el_class=\u00bbmocs_info_right\u00bb advanced_gradient_angle=\u00bb0&#8243; gradient_direction=\u00bbleft_to_right\u00bb overlay_strength=\u00bb0.3&#8243; width=\u00bb2\/3&#8243; tablet_width_inherit=\u00bbdefault\u00bb tablet_text_alignment=\u00bbdefault\u00bb phone_text_alignment=\u00bbdefault\u00bb animation_type=\u00bbdefault\u00bb bg_image_animation=\u00bbnone\u00bb border_type=\u00bbsimple\u00bb column_border_width=\u00bbnone\u00bb column_border_style=\u00bbsolid\u00bb gradient_type=\u00bbdefault\u00bb][\/vc_column][\/vc_row]\n","protected":false},"excerpt":{"rendered":"<p>[vc_row type=\u00bbfull_width_content\u00bb full_screen_row_position=\u00bbmiddle\u00bb column_margin=\u00bbdefault\u00bb column_direction=\u00bbdefault\u00bb column_direction_tablet=\u00bbdefault\u00bb column_direction_phone=\u00bbdefault\u00bb bg_image=\u00bb20&#8243; bg_position=\u00bbcenter top\u00bb background_image_loading=\u00bbdefault\u00bb bg_repeat=\u00bbno-repeat\u00bb full_height=\u00bbyes\u00bb scene_position=\u00bbcenter\u00bb left_padding_desktop=\u00bb50&#8243; constrain_group_2=\u00bbyes\u00bb right_padding_desktop=\u00bb50&#8243; top_padding_phone=\u00bb50&#8243; left_padding_phone=\u00bb25&#8243; constrain_group_6=\u00bbyes\u00bb right_padding_phone=\u00bb25&#8243; text_color=\u00bblight\u00bb text_align=\u00bbleft\u00bb row_border_radius=\u00bbnone\u00bb row_border_radius_applies=\u00bbbg\u00bb overflow=\u00bbvisible\u00bb id=\u00bbmocs-home\u00bb advanced_gradient=\u00bblinear-gradient(180deg, rgba(0,28,71,0) 52%,&#8230;<\/p>\n","protected":false},"author":1,"featured_media":0,"parent":0,"menu_order":0,"comment_status":"closed","ping_status":"open","template":"","meta":{"inline_featured_image":false,"footnotes":""},"class_list":["post-599","page","type-page","status-publish"],"_links":{"self":[{"href":"https:\/\/www.mocs-drilling.com\/es\/wp-json\/wp\/v2\/pages\/599","targetHints":{"allow":["GET"]}}],"collection":[{"href":"https:\/\/www.mocs-drilling.com\/es\/wp-json\/wp\/v2\/pages"}],"about":[{"href":"https:\/\/www.mocs-drilling.com\/es\/wp-json\/wp\/v2\/types\/page"}],"author":[{"embeddable":true,"href":"https:\/\/www.mocs-drilling.com\/es\/wp-json\/wp\/v2\/users\/1"}],"replies":[{"embeddable":true,"href":"https:\/\/www.mocs-drilling.com\/es\/wp-json\/wp\/v2\/comments?post=599"}],"version-history":[{"count":27,"href":"https:\/\/www.mocs-drilling.com\/es\/wp-json\/wp\/v2\/pages\/599\/revisions"}],"predecessor-version":[{"id":1625,"href":"https:\/\/www.mocs-drilling.com\/es\/wp-json\/wp\/v2\/pages\/599\/revisions\/1625"}],"wp:attachment":[{"href":"https:\/\/www.mocs-drilling.com\/es\/wp-json\/wp\/v2\/media?parent=599"}],"curies":[{"name":"wp","href":"https:\/\/api.w.org\/{rel}","templated":true}]}}