{"id":636,"date":"2022-05-30T19:59:04","date_gmt":"2022-05-30T19:59:04","guid":{"rendered":"https:\/\/mocs.novae.website\/la-compania\/"},"modified":"2022-06-17T09:29:42","modified_gmt":"2022-06-17T09:29:42","slug":"compania","status":"publish","type":"page","link":"https:\/\/www.mocs-drilling.com\/es\/compania\/","title":{"rendered":"La compa\u00f1\u00eda"},"content":{"rendered":"[vc_row type=\u00bbfull_width_content\u00bb full_screen_row_position=\u00bbmiddle\u00bb column_margin=\u00bbdefault\u00bb column_direction=\u00bbdefault\u00bb column_direction_tablet=\u00bbdefault\u00bb column_direction_phone=\u00bbdefault\u00bb bg_image=\u00bb20&#8243; bg_position=\u00bbleft top\u00bb background_image_loading=\u00bbdefault\u00bb bg_repeat=\u00bbno-repeat\u00bb scene_position=\u00bbcenter\u00bb top_padding=\u00bb250&#8243; bottom_padding=\u00bb50&#8243; left_padding_desktop=\u00bb100&#8243; constrain_group_2=\u00bbyes\u00bb right_padding_desktop=\u00bb100&#8243; top_padding_phone=\u00bb150&#8243; constrain_group_6=\u00bbyes\u00bb text_color=\u00bblight\u00bb text_align=\u00bbleft\u00bb row_border_radius=\u00bbnone\u00bb row_border_radius_applies=\u00bbbg\u00bb overflow=\u00bbvisible\u00bb advanced_gradient_angle=\u00bb0&#8243; overlay_strength=\u00bb0.3&#8243; gradient_direction=\u00bbleft_to_right\u00bb shape_divider_position=\u00bbbottom\u00bb bg_image_animation=\u00bbnone\u00bb gradient_type=\u00bbdefault\u00bb shape_type=\u00bb\u00bb][vc_column column_padding=\u00bbno-extra-padding\u00bb column_padding_tablet=\u00bbinherit\u00bb column_padding_phone=\u00bbinherit\u00bb column_padding_position=\u00bball\u00bb column_element_spacing=\u00bbdefault\u00bb background_color_opacity=\u00bb1&#8243; background_hover_color_opacity=\u00bb1&#8243; column_shadow=\u00bbnone\u00bb column_border_radius=\u00bbnone\u00bb column_link_target=\u00bb_self\u00bb column_position=\u00bbdefault\u00bb gradient_direction=\u00bbleft_to_right\u00bb overlay_strength=\u00bb0.3&#8243; width=\u00bb1\/1&#8243; tablet_width_inherit=\u00bbdefault\u00bb tablet_text_alignment=\u00bbdefault\u00bb phone_text_alignment=\u00bbdefault\u00bb animation_type=\u00bbdefault\u00bb bg_image_animation=\u00bbnone\u00bb border_type=\u00bbsimple\u00bb column_border_width=\u00bbnone\u00bb column_border_style=\u00bbsolid\u00bb][vc_custom_heading text=\u00bbLa compa\u00f1\u00eda\u00bb font_container=\u00bbtag:h1|text_align:left\u00bb use_theme_fonts=\u00bbyes\u00bb][\/vc_column][\/vc_row][vc_row type=\u00bbin_container\u00bb full_screen_row_position=\u00bbmiddle\u00bb column_margin=\u00bbdefault\u00bb column_direction=\u00bbdefault\u00bb column_direction_tablet=\u00bbdefault\u00bb column_direction_phone=\u00bbdefault\u00bb scene_position=\u00bbcenter\u00bb top_padding=\u00bb100&#8243; text_color=\u00bbdark\u00bb text_align=\u00bbleft\u00bb row_border_radius=\u00bbnone\u00bb row_border_radius_applies=\u00bbbg\u00bb overflow=\u00bbvisible\u00bb id=\u00bbinner-page-content\u00bb advanced_gradient_angle=\u00bb0&#8243; overlay_strength=\u00bb0.3&#8243; gradient_direction=\u00bbleft_to_right\u00bb shape_divider_position=\u00bbbottom\u00bb bg_image_animation=\u00bbnone\u00bb gradient_type=\u00bbdefault\u00bb shape_type=\u00bb\u00bb][vc_column column_padding=\u00bbno-extra-padding\u00bb column_padding_tablet=\u00bbinherit\u00bb column_padding_phone=\u00bbinherit\u00bb column_padding_position=\u00bball\u00bb column_element_spacing=\u00bbdefault\u00bb background_color_opacity=\u00bb1&#8243; background_hover_color_opacity=\u00bb1&#8243; column_shadow=\u00bbnone\u00bb column_border_radius=\u00bbnone\u00bb column_link_target=\u00bb_self\u00bb column_position=\u00bbdefault\u00bb gradient_direction=\u00bbleft_to_right\u00bb overlay_strength=\u00bb0.3&#8243; width=\u00bb2\/3&#8243; tablet_width_inherit=\u00bbdefault\u00bb tablet_text_alignment=\u00bbdefault\u00bb phone_text_alignment=\u00bbdefault\u00bb animation_type=\u00bbdefault\u00bb bg_image_animation=\u00bbnone\u00bb border_type=\u00bbsimple\u00bb column_border_width=\u00bbnone\u00bb column_border_style=\u00bbsolid\u00bb][vc_column_text]<strong>Historia de MOCS<\/strong><\/p>\n<p>MOCS es una sociedad an\u00f3nima privada con sede en Europa especializada en el suministro de productos y servicios para la industria del petr\u00f3leo y el gas.<\/p>\n<p>Fundada en 2007, MOCS se centr\u00f3 inicialmente en el mercado de \u00c1frica Occidental y luego ampli\u00f3 sus actividades a nivel internacional.<\/p>\n<p>Como representante exclusivo de empresas relacionadas con la industria del petr\u00f3leo y el gas, nos comprometemos a ofrecer el equipo m\u00e1s adecuado para sus necesidades espec\u00edficas.<\/p>\n<p><strong>Actividades de MOCS<\/strong><\/p>\n<p>Nuestro objetivo es proporcionar a nuestros clientes equipos nuevos o reacondicionados que cumplan o superen los requisitos actuales. Un archivo de trazabilidad completo documenta cada proyecto.<\/p>\n<p>MOCS se centra en satisfacer las necesidades y requisitos espec\u00edficos de cada cliente en las siguientes actividades principales, aunque no exclusivas :<\/p>\n<ul class=\"custom-lists\">\n<li>La venta de tubos de petr\u00f3leo (OCTG) y accesorios para columnas de tubos.<\/li>\n<li>Alquiler de herramientas de fondo de pozo, tubos de perforaci\u00f3n, tubos de prueba de pozos, tapones de seguridad y mordazas.<\/li>\n<\/ul>\n<p>Nuestra larga trayectoria en la industria petrolera nos permite comprender mejor sus necesidades.<br \/>\nTodo nuestro personal tiene experiencia en actividades petroleras onshore y offshore en empresas que operan en las siguientes \u00e1reas: servicio petrolero, servicio de encamisado, contratista de perforaci\u00f3n, fabricaci\u00f3n de herramientas de producci\u00f3n, fabricaci\u00f3n de tuber\u00edas petroleras (OCTG).<\/p>\n<p><strong>Conocimientos de MOCS<\/strong><\/p>\n<p>A lo largo de los a\u00f1os, el personal de MOCS ha recibido formaci\u00f3n en gesti\u00f3n, ingenier\u00eda petrolera y del gas, garant\u00eda de calidad, HSE, &#8230; para aumentar su cualificaci\u00f3n. Cada uno de nosotros tiene acceso a una amplia gama de habilidades para servirle mejor.<\/p>\n<p><strong>La pol\u00edtica de MOCS<\/strong><\/p>\n<p>Nuestras metas y objetivos :<\/p>\n<ul class=\"custom-lists grid-list\">\n<li>Escuchar a los clientes<\/li>\n<li>Integridad<\/li>\n<li>Fiabilidad<\/li>\n<li>Mejora continua<\/li>\n<li>Capacidad de respuesta y eficiencia<\/li>\n<\/ul>\n<p>La pol\u00edtica de MOCS es satisfacer al cliente comprometi\u00e9ndose a cumplir sus requisitos mediante la mejora continua de nuestra eficacia, flexibilidad y capacidad de respuesta, con un permanente esp\u00edritu de servicio.<\/p>\n<p>Nuestro objetivo es proporcionar equipos con un coste de capital controlado, a tiempo y con un nivel de calidad constante para evitar la interrupci\u00f3n de las operaciones de nuestros clientes.<\/p>\n<p>A lo largo de los a\u00f1os, hemos auditado y seleccionado a nuestros proveedores por su capacidad para suministrar productos de acuerdo con requisitos espec\u00edficos. Hemos seleccionado a nuestros proveedores\/proveedores de servicios por su rendimiento recurrente y sobre la base de auditor\u00edas internas in situ.<\/p>\n<p>Nuestra pol\u00edtica es llevar a cabo nuestra actividad con honestidad y rectitud.<\/p>\n<p>Como parte de nuestro proceso de mejora continua, se est\u00e1 implantando un sistema de garant\u00eda de calidad conforme a la norma ISO 9001.<\/p>\n<p><strong>MOCS cuenta con a\u00f1os de experiencia &#8230;.. para ayudarle en sus proyectos<\/strong>[\/vc_column_text][\/vc_column][vc_column column_padding=\u00bbno-extra-padding\u00bb column_padding_tablet=\u00bbinherit\u00bb column_padding_phone=\u00bbinherit\u00bb column_padding_position=\u00bball\u00bb column_element_spacing=\u00bbdefault\u00bb background_color_opacity=\u00bb1&#8243; background_hover_color_opacity=\u00bb1&#8243; column_shadow=\u00bbnone\u00bb column_border_radius=\u00bbnone\u00bb column_link_target=\u00bb_self\u00bb column_position=\u00bbdefault\u00bb gradient_direction=\u00bbleft_to_right\u00bb overlay_strength=\u00bb0.3&#8243; width=\u00bb1\/3&#8243; tablet_width_inherit=\u00bbdefault\u00bb tablet_text_alignment=\u00bbdefault\u00bb phone_text_alignment=\u00bbdefault\u00bb animation_type=\u00bbdefault\u00bb bg_image_animation=\u00bbnone\u00bb border_type=\u00bbsimple\u00bb column_border_width=\u00bbnone\u00bb column_border_style=\u00bbsolid\u00bb][vc_column_text el_class=\u00bbkpi-bloc\u00bb]\n<div class=\"kpi-row\">\n<h3><a href=\"https:\/\/mocs.novae.website\/es\/?page_id=773\">Solicitud de presupuesto<\/a><\/h3>\n<p>Una respuesta r\u00e1pida y personalizada<\/p>\n<\/div>\n<div class=\"kpi-row\">\n<h3>Contacto<\/h3>\n<p>00 33 (0)559 813 509<\/p>\n<\/div>\n<div class=\"kpi-row\">\n<h3>C\u00f3mo encontrarnos<\/h3>\n<p>Encuentre su ruta<\/p>\n<\/div>\n<div class=\"kpi-row\">\n<h3>Noticias<\/h3>\n<p>Mant\u00e9ngase informado sobre nuestras actividades<\/p>\n<\/div>\n[\/vc_column_text][\/vc_column][\/vc_row]\n","protected":false},"excerpt":{"rendered":"<p>[vc_row type=\u00bbfull_width_content\u00bb full_screen_row_position=\u00bbmiddle\u00bb column_margin=\u00bbdefault\u00bb column_direction=\u00bbdefault\u00bb column_direction_tablet=\u00bbdefault\u00bb column_direction_phone=\u00bbdefault\u00bb bg_image=\u00bb20&#8243; bg_position=\u00bbleft top\u00bb background_image_loading=\u00bbdefault\u00bb bg_repeat=\u00bbno-repeat\u00bb scene_position=\u00bbcenter\u00bb top_padding=\u00bb250&#8243; bottom_padding=\u00bb50&#8243; left_padding_desktop=\u00bb100&#8243; constrain_group_2=\u00bbyes\u00bb right_padding_desktop=\u00bb100&#8243; top_padding_phone=\u00bb150&#8243; constrain_group_6=\u00bbyes\u00bb text_color=\u00bblight\u00bb text_align=\u00bbleft\u00bb row_border_radius=\u00bbnone\u00bb row_border_radius_applies=\u00bbbg\u00bb overflow=\u00bbvisible\u00bb advanced_gradient_angle=\u00bb0&#8243; overlay_strength=\u00bb0.3&#8243; gradient_direction=\u00bbleft_to_right\u00bb shape_divider_position=\u00bbbottom\u00bb bg_image_animation=\u00bbnone\u00bb&#8230;<\/p>\n","protected":false},"author":1,"featured_media":0,"parent":0,"menu_order":0,"comment_status":"closed","ping_status":"closed","template":"","meta":{"inline_featured_image":false,"footnotes":""},"class_list":["post-636","page","type-page","status-publish"],"_links":{"self":[{"href":"https:\/\/www.mocs-drilling.com\/es\/wp-json\/wp\/v2\/pages\/636","targetHints":{"allow":["GET"]}}],"collection":[{"href":"https:\/\/www.mocs-drilling.com\/es\/wp-json\/wp\/v2\/pages"}],"about":[{"href":"https:\/\/www.mocs-drilling.com\/es\/wp-json\/wp\/v2\/types\/page"}],"author":[{"embeddable":true,"href":"https:\/\/www.mocs-drilling.com\/es\/wp-json\/wp\/v2\/users\/1"}],"replies":[{"embeddable":true,"href":"https:\/\/www.mocs-drilling.com\/es\/wp-json\/wp\/v2\/comments?post=636"}],"version-history":[{"count":17,"href":"https:\/\/www.mocs-drilling.com\/es\/wp-json\/wp\/v2\/pages\/636\/revisions"}],"predecessor-version":[{"id":914,"href":"https:\/\/www.mocs-drilling.com\/es\/wp-json\/wp\/v2\/pages\/636\/revisions\/914"}],"wp:attachment":[{"href":"https:\/\/www.mocs-drilling.com\/es\/wp-json\/wp\/v2\/media?parent=636"}],"curies":[{"name":"wp","href":"https:\/\/api.w.org\/{rel}","templated":true}]}}