{"id":1603,"date":"2022-05-20T06:59:21","date_gmt":"2022-05-20T06:59:21","guid":{"rendered":"https:\/\/mocs.novae.website\/inicial\/"},"modified":"2024-12-09T10:47:03","modified_gmt":"2024-12-09T10:47:03","slug":"inicial","status":"publish","type":"page","link":"https:\/\/www.mocs-drilling.com\/pt-pt\/","title":{"rendered":"Inicial"},"content":{"rendered":"[vc_row type=&#8221;full_width_content&#8221; full_screen_row_position=&#8221;middle&#8221; column_margin=&#8221;default&#8221; column_direction=&#8221;default&#8221; column_direction_tablet=&#8221;default&#8221; column_direction_phone=&#8221;default&#8221; bg_image=&#8221;20&#8243; bg_position=&#8221;center top&#8221; background_image_loading=&#8221;default&#8221; bg_repeat=&#8221;no-repeat&#8221; full_height=&#8221;yes&#8221; scene_position=&#8221;center&#8221; left_padding_desktop=&#8221;50&#8243; constrain_group_2=&#8221;yes&#8221; right_padding_desktop=&#8221;50&#8243; top_padding_phone=&#8221;50&#8243; left_padding_phone=&#8221;25&#8243; constrain_group_6=&#8221;yes&#8221; right_padding_phone=&#8221;25&#8243; text_color=&#8221;light&#8221; text_align=&#8221;left&#8221; row_border_radius=&#8221;none&#8221; row_border_radius_applies=&#8221;bg&#8221; overflow=&#8221;visible&#8221; id=&#8221;mocs-home&#8221; advanced_gradient=&#8221;linear-gradient(180deg, rgba(0,28,71,0) 52%, rgb(0,28,71) 97%)&#8221; advanced_gradient_angle=&#8221;180&#8243; shape_divider_position=&#8221;bottom&#8221; bg_image_animation=&#8221;none&#8221; gradient_type=&#8221;advanced&#8221; shape_type=&#8221;&#8221; advanced_gradient_display_type=&#8221;linear&#8221;][vc_column column_padding=&#8221;no-extra-padding&#8221; column_padding_tablet=&#8221;inherit&#8221; column_padding_phone=&#8221;inherit&#8221; column_padding_position=&#8221;all&#8221; column_element_spacing=&#8221;default&#8221; background_color_opacity=&#8221;1&#8243; background_hover_color_opacity=&#8221;1&#8243; column_shadow=&#8221;none&#8221; column_border_radius=&#8221;none&#8221; column_link_target=&#8221;_self&#8221; column_position=&#8221;default&#8221; gradient_direction=&#8221;left_to_right&#8221; overlay_strength=&#8221;0.3&#8243; width=&#8221;1\/2&#8243; tablet_width_inherit=&#8221;default&#8221; tablet_text_alignment=&#8221;default&#8221; phone_text_alignment=&#8221;default&#8221; animation_type=&#8221;default&#8221; bg_image_animation=&#8221;none&#8221; border_type=&#8221;simple&#8221; column_border_width=&#8221;none&#8221; column_border_style=&#8221;solid&#8221;][divider line_type=&#8221;No Line&#8221; custom_height=&#8221;100&#8243;][vc_custom_heading text=&#8221;Especialista no fornecimento de produtos e servi\u00e7os para a ind\u00fastria de petr\u00f3leo e g\u00e1s&#8221; font_container=&#8221;tag:h1|text_align:left|color:%23ffffff&#8221; use_theme_fonts=&#8221;yes&#8221;][vc_column_text css=&#8221;.vc_custom_1653901738321{padding-top: 25px !important;padding-bottom: 50px !important;}&#8221; el_class=&#8221;sub-text&#8221;]O nosso objetivo \u00e9 fornecer equipamentos a um custo de investimento controlado, dentro do prazo e com um n\u00edvel de qualidade consistente, de forma a evitar qualquer interrup\u00e7\u00e3o nas opera\u00e7\u00f5es dos nossos clientes.[\/vc_column_text][nectar_btn size=&#8221;jumbo&#8221; button_style=&#8221;regular&#8221; button_color_2=&#8221;Accent-Color&#8221; icon_family=&#8221;none&#8221; el_class=&#8221;main-btn&#8221; text=&#8221;A empresa&#8221; url=&#8221;\/pt-pt\/em-construcao\/&#8221; margin_right=&#8221;80&#8243;][\/vc_column][vc_column column_padding=&#8221;no-extra-padding&#8221; column_padding_tablet=&#8221;inherit&#8221; column_padding_phone=&#8221;inherit&#8221; column_padding_position=&#8221;all&#8221; column_element_spacing=&#8221;default&#8221; background_color_opacity=&#8221;1&#8243; background_hover_color_opacity=&#8221;1&#8243; column_shadow=&#8221;none&#8221; column_border_radius=&#8221;none&#8221; column_link_target=&#8221;_self&#8221; column_position=&#8221;default&#8221; gradient_direction=&#8221;left_to_right&#8221; overlay_strength=&#8221;0.3&#8243; width=&#8221;1\/2&#8243; tablet_width_inherit=&#8221;default&#8221; tablet_text_alignment=&#8221;default&#8221; phone_text_alignment=&#8221;default&#8221; animation_type=&#8221;default&#8221; bg_image_animation=&#8221;none&#8221; border_type=&#8221;simple&#8221; column_border_width=&#8221;none&#8221; column_border_style=&#8221;solid&#8221;][\/vc_column][\/vc_row][vc_row type=&#8221;full_width_content&#8221; full_screen_row_position=&#8221;middle&#8221; column_margin=&#8221;default&#8221; column_direction=&#8221;default&#8221; column_direction_tablet=&#8221;default&#8221; column_direction_phone=&#8221;default&#8221; bg_color=&#8221;#001c47&#8243; scene_position=&#8221;center&#8221; top_padding=&#8221;200&#8243; bottom_padding=&#8221;100&#8243; left_padding_desktop=&#8221;50&#8243; constrain_group_2=&#8221;yes&#8221; right_padding_desktop=&#8221;50&#8243; left_padding_phone=&#8221;25&#8243; constrain_group_6=&#8221;yes&#8221; right_padding_phone=&#8221;25&#8243; text_color=&#8221;light&#8221; text_align=&#8221;left&#8221; row_border_radius=&#8221;none&#8221; row_border_radius_applies=&#8221;bg&#8221; overflow=&#8221;visible&#8221; advanced_gradient_angle=&#8221;0&#8243; overlay_strength=&#8221;0.3&#8243; gradient_direction=&#8221;left_to_right&#8221; shape_divider_position=&#8221;bottom&#8221; bg_image_animation=&#8221;none&#8221; gradient_type=&#8221;default&#8221; shape_type=&#8221;&#8221;][vc_column column_padding=&#8221;no-extra-padding&#8221; column_padding_tablet=&#8221;inherit&#8221; column_padding_phone=&#8221;inherit&#8221; column_padding_position=&#8221;all&#8221; column_element_spacing=&#8221;default&#8221; background_color_opacity=&#8221;1&#8243; background_hover_color_opacity=&#8221;1&#8243; column_shadow=&#8221;none&#8221; column_border_radius=&#8221;none&#8221; column_link_target=&#8221;_self&#8221; column_position=&#8221;default&#8221; gradient_direction=&#8221;left_to_right&#8221; overlay_strength=&#8221;0.3&#8243; width=&#8221;1\/1&#8243; tablet_width_inherit=&#8221;default&#8221; tablet_text_alignment=&#8221;default&#8221; phone_text_alignment=&#8221;default&#8221; animation_type=&#8221;default&#8221; bg_image_animation=&#8221;none&#8221; border_type=&#8221;simple&#8221; column_border_width=&#8221;none&#8221; column_border_style=&#8221;solid&#8221;][vc_custom_heading text=&#8221;Os servi\u00e7os&#8221; font_container=&#8221;tag:h2|text_align:center|color:%23ffffff&#8221; use_theme_fonts=&#8221;yes&#8221;][vc_column_text css=&#8221;.vc_custom_1653901741626{padding-top: 25px !important;padding-bottom: 50px !important;}&#8221; el_class=&#8221;sub-text&#8221;]\n<p style=\"text-align: center;\">O MOCS \u00e9 o SEU contacto de confian\u00e7a para as suas necessidades upstream da ind\u00fastria de petr\u00f3leo e g\u00e1s.<br \/>\nFornecemos: tubos de \u00f3leo (OCTG) e de cimenta\u00e7\u00e3o, acess\u00f3rios de perfura\u00e7\u00e3o e pe\u00e7as de substitui\u00e7\u00e3o,<br \/>\nequipamentos de oficina de \u00f3leo em conformidade com as normas API aplic\u00e1veis.<\/p>\n[\/vc_column_text][vc_row_inner equal_height=&#8221;yes&#8221; content_placement=&#8221;top&#8221; column_margin=&#8221;50px&#8221; column_direction=&#8221;default&#8221; column_direction_tablet=&#8221;default&#8221; column_direction_phone=&#8221;default&#8221; left_padding_desktop=&#8221;150&#8243; constrain_group_2=&#8221;yes&#8221; right_padding_desktop=&#8221;150&#8243; left_padding_tablet=&#8221;50&#8243; constrain_group_4=&#8221;yes&#8221; right_padding_tablet=&#8221;50&#8243; left_padding_phone=&#8221;50&#8243; constrain_group_6=&#8221;yes&#8221; right_padding_phone=&#8221;50&#8243; text_align=&#8221;left&#8221; row_position=&#8221;default&#8221; row_position_tablet=&#8221;inherit&#8221; row_position_phone=&#8221;inherit&#8221; overflow=&#8221;visible&#8221; pointer_events=&#8221;all&#8221;][vc_column_inner column_padding=&#8221;no-extra-padding&#8221; column_padding_tablet=&#8221;inherit&#8221; column_padding_phone=&#8221;inherit&#8221; column_padding_position=&#8221;all&#8221; column_element_spacing=&#8221;default&#8221; background_color_opacity=&#8221;1&#8243; background_hover_color_opacity=&#8221;1&#8243; column_shadow=&#8221;none&#8221; column_border_radius=&#8221;none&#8221; column_link_target=&#8221;_self&#8221; gradient_direction=&#8221;left_to_right&#8221; overlay_strength=&#8221;0.3&#8243; width=&#8221;1\/3&#8243; tablet_width_inherit=&#8221;default&#8221; animation_type=&#8221;default&#8221; bg_image_animation=&#8221;none&#8221; border_type=&#8221;simple&#8221; column_border_width=&#8221;none&#8221; column_border_style=&#8221;solid&#8221;][vc_column_text css=&#8221;.vc_custom_1733151002974{padding-top: 25px !important;padding-bottom: 50px !important;}&#8221;]\n<div class=\"presta-blocs\">\n<h3>Servi\u00e7os de consultoria<\/h3>\n<p style=\"text-align: left;\">O seu contacto para as suas necessidades na ind\u00fastria de petr\u00f3leo e g\u00e1s.<\/p>\n<ul class=\"custom-lists\">\n<li>Assist\u00eancia e apoio t\u00e9cnico na escolha do equipamento.<\/li>\n<li>Fornecimento de equipamentos perfeitamente adequados \u00e0s suas necessidades<\/li>\n<li>Gest\u00e3o da solu\u00e7\u00e3o integrada de aluguer\/recertifica\u00e7\u00e3o de estores de seguran\u00e7a (BOP)<\/li>\n<li>Servi\u00e7os log\u00edsticos para otimizar a entrega at\u00e9 ao destino final<\/li>\n<\/ul>\n<\/div>\n<div class=\"presta-link\"><a class=\"links-mocs\" href=\"https:\/\/mocs.novae.website\/pt-pt\/em-construcao\/\">Saber mais<\/a><\/div>\n[\/vc_column_text][\/vc_column_inner][vc_column_inner column_padding=&#8221;no-extra-padding&#8221; column_padding_tablet=&#8221;inherit&#8221; column_padding_phone=&#8221;inherit&#8221; column_padding_position=&#8221;all&#8221; column_element_spacing=&#8221;default&#8221; background_color_opacity=&#8221;1&#8243; background_hover_color_opacity=&#8221;1&#8243; column_shadow=&#8221;none&#8221; column_border_radius=&#8221;none&#8221; column_link_target=&#8221;_self&#8221; gradient_direction=&#8221;left_to_right&#8221; overlay_strength=&#8221;0.3&#8243; width=&#8221;1\/3&#8243; tablet_width_inherit=&#8221;default&#8221; animation_type=&#8221;default&#8221; bg_image_animation=&#8221;none&#8221; border_type=&#8221;simple&#8221; column_border_width=&#8221;none&#8221; column_border_style=&#8221;solid&#8221;][vc_column_text css=&#8221;.vc_custom_1733151007643{padding-top: 25px !important;padding-bottom: 50px !important;}&#8221;]\n<div class=\"presta-blocs\">\n<h3>Oferta<\/h3>\n<p style=\"text-align: left;\">Equipamentos espec\u00edficos que v\u00e3o ao encontro das suas necessidades e exig\u00eancias.<\/p>\n<ul class=\"custom-lists\">\n<li>Tubos de \u00f3leo (OCTG) e acess\u00f3rios de cimenta\u00e7\u00e3o<\/li>\n<li>Equipamento de perfura\u00e7\u00e3o e pe\u00e7as de substitui\u00e7\u00e3o<\/li>\n<li>Equipamento para oficinas petrol\u00edferas (bancadas de aparafusamento, sistemas de controlo de bin\u00e1rio, entalhadores a laser, etc.)<\/li>\n<\/ul>\n<\/div>\n<div class=\"presta-link\"><a class=\"links-mocs\" href=\"https:\/\/mocs.novae.website\/pt-pt\/em-construcao\/\">Saber mais<\/a><\/div>\n[\/vc_column_text][\/vc_column_inner][vc_column_inner column_padding=&#8221;no-extra-padding&#8221; column_padding_tablet=&#8221;inherit&#8221; column_padding_phone=&#8221;inherit&#8221; column_padding_position=&#8221;all&#8221; column_element_spacing=&#8221;default&#8221; background_color_opacity=&#8221;1&#8243; background_hover_color_opacity=&#8221;1&#8243; column_shadow=&#8221;none&#8221; column_border_radius=&#8221;none&#8221; column_link_target=&#8221;_self&#8221; gradient_direction=&#8221;left_to_right&#8221; overlay_strength=&#8221;0.3&#8243; width=&#8221;1\/3&#8243; tablet_width_inherit=&#8221;default&#8221; animation_type=&#8221;default&#8221; bg_image_animation=&#8221;none&#8221; border_type=&#8221;simple&#8221; column_border_width=&#8221;none&#8221; column_border_style=&#8221;solid&#8221;][vc_column_text css=&#8221;.vc_custom_1733151012378{padding-top: 25px !important;padding-bottom: 50px !important;}&#8221;]\n<div class=\"presta-blocs\">\n<h3>Aluguel<\/h3>\n<p style=\"text-align: left;\">Ouvimos as suas necessidades espec\u00edficas de aluguer.<\/p>\n<ul class=\"custom-lists\">\n<li>Colunas de perfura\u00e7\u00e3o\/colunas de perfura\u00e7\u00e3o, coluna de aterragem, tubos de ensaio de po\u00e7o (DST), incluindo ferramentas de aparelhamento e manuseamento<\/li>\n<li>Obstrutores de seguran\u00e7a (BOP): anulares e de mand\u00edbula, flanges adaptadoras de duplo pino (DSA), acess\u00f3rios de flange (riser)<\/li>\n<\/ul>\n<\/div>\n<div class=\"presta-link\"><a class=\"links-mocs\" href=\"https:\/\/mocs.novae.website\/pt-pt\/em-construcao\/\">Saber mais<\/a><\/div>\n[\/vc_column_text][\/vc_column_inner][\/vc_row_inner][\/vc_column][\/vc_row][vc_row type=&#8221;full_width_content&#8221; full_screen_row_position=&#8221;middle&#8221; column_margin=&#8221;default&#8221; column_direction=&#8221;default&#8221; column_direction_tablet=&#8221;default&#8221; column_direction_phone=&#8221;default&#8221; bg_color=&#8221;#001c47&#8243; scene_position=&#8221;center&#8221; top_padding=&#8221;200&#8243; constrain_group_1=&#8221;yes&#8221; bottom_padding=&#8221;200&#8243; left_padding_desktop=&#8221;50&#8243; right_padding_desktop=&#8221;0&#8243; left_padding_phone=&#8221;25&#8243; text_color=&#8221;light&#8221; text_align=&#8221;left&#8221; row_border_radius=&#8221;none&#8221; row_border_radius_applies=&#8221;bg&#8221; overflow=&#8221;visible&#8221; id=&#8221;info-mocs&#8221; advanced_gradient_angle=&#8221;0&#8243; overlay_strength=&#8221;0.3&#8243; gradient_direction=&#8221;left_to_right&#8221; shape_divider_position=&#8221;bottom&#8221; bg_image_animation=&#8221;none&#8221; gradient_type=&#8221;default&#8221; shape_type=&#8221;&#8221;][vc_column column_padding=&#8221;padding-8-percent&#8221; column_padding_tablet=&#8221;inherit&#8221; column_padding_phone=&#8221;inherit&#8221; column_padding_position=&#8221;top-bottom&#8221; column_element_spacing=&#8221;default&#8221; background_color_opacity=&#8221;1&#8243; background_hover_color_opacity=&#8221;1&#8243; column_shadow=&#8221;none&#8221; column_border_radius=&#8221;none&#8221; column_link_target=&#8221;_self&#8221; column_position=&#8221;default&#8221; el_class=&#8221;info-left&#8221; advanced_gradient_angle=&#8221;0&#8243; gradient_direction=&#8221;left_to_right&#8221; overlay_strength=&#8221;0.3&#8243; width=&#8221;1\/3&#8243; tablet_width_inherit=&#8221;default&#8221; tablet_text_alignment=&#8221;default&#8221; phone_text_alignment=&#8221;default&#8221; animation_type=&#8221;default&#8221; bg_image_animation=&#8221;none&#8221; border_type=&#8221;simple&#8221; column_border_width=&#8221;none&#8221; column_border_style=&#8221;solid&#8221; gradient_type=&#8221;default&#8221;][vc_custom_heading text=&#8221;Quem somos n\u00f3s?&#8221; font_container=&#8221;tag:h2|text_align:left|color:%23ffffff&#8221; use_theme_fonts=&#8221;yes&#8221;][vc_column_text css=&#8221;.vc_custom_1653902131388{padding-top: 25px !important;padding-bottom: 50px !important;}&#8221;]A MOCS \u00e9 um fornecedor para a ind\u00fastria de petr\u00f3leo e g\u00e1s focado em satisfazer eficientemente as necessidades e exig\u00eancias exclusivas dos seus clientes.<\/p>\n<p>O nosso neg\u00f3cio:<\/p>\n<ul class=\"custom-lists\">\n<li>Com\u00e9rcio de tubos de \u00f3leo (OCTG) e acess\u00f3rios para colunas tubulares.<\/li>\n<li>Aluguer de ferramentas de fundo de po\u00e7o, colunas de perfura\u00e7\u00e3o, tubos de ensaio de po\u00e7o,<br \/>\npersianas e maxilas de seguran\u00e7a.<\/li>\n<\/ul>\n<p>O nosso objetivo \u00e9 fornecer equipamentos a um custo de investimento controlado, dentro do prazo e com um n\u00edvel de qualidade consistente, de forma a evitar qualquer interrup\u00e7\u00e3o nas opera\u00e7\u00f5es dos nossos clientes.<\/p>\n<p>Quer esteja \u00e0 procura de um componente ou de uma montagem completa, o MOCS pode satisfazer a sua necessidade.<br \/>\n[\/vc_column_text][nectar_btn size=&#8221;jumbo&#8221; button_style=&#8221;regular&#8221; button_color_2=&#8221;Accent-Color&#8221; icon_family=&#8221;none&#8221; el_class=&#8221;main-btn&#8221; text=&#8221;Pedido de cota\u00e7\u00e3o&#8221; url=&#8221;\/pt-pt\/em-construcao\/&#8221; margin_right=&#8221;80&#8243;][nectar_btn size=&#8221;jumbo&#8221; button_style=&#8221;regular&#8221; button_color_2=&#8221;Accent-Color&#8221; color_override=&#8221;rgba(0,51,130,0.01)&#8221; icon_family=&#8221;none&#8221; el_class=&#8221;alt-btn&#8221; text=&#8221;Contate-nos&#8221; url=&#8221;\/pt-pt\/em-construcao\/&#8221;][\/vc_column][vc_column column_padding=&#8221;no-extra-padding&#8221; column_padding_tablet=&#8221;inherit&#8221; column_padding_phone=&#8221;inherit&#8221; column_padding_position=&#8221;all&#8221; column_element_spacing=&#8221;default&#8221; background_color_opacity=&#8221;1&#8243; background_hover_color_opacity=&#8221;1&#8243; background_image=&#8221;61&#8243; background_image_position=&#8221;right center&#8221; background_image_loading=&#8221;default&#8221; column_shadow=&#8221;none&#8221; column_border_radius=&#8221;none&#8221; column_link_target=&#8221;_self&#8221; column_position=&#8221;default&#8221; el_class=&#8221;mocs_info_right&#8221; advanced_gradient_angle=&#8221;0&#8243; gradient_direction=&#8221;left_to_right&#8221; overlay_strength=&#8221;0.3&#8243; width=&#8221;2\/3&#8243; tablet_width_inherit=&#8221;default&#8221; tablet_text_alignment=&#8221;default&#8221; phone_text_alignment=&#8221;default&#8221; animation_type=&#8221;default&#8221; bg_image_animation=&#8221;none&#8221; border_type=&#8221;simple&#8221; column_border_width=&#8221;none&#8221; column_border_style=&#8221;solid&#8221; gradient_type=&#8221;default&#8221;][\/vc_column][\/vc_row]\n","protected":false},"excerpt":{"rendered":"<p>[vc_row type=&#8221;full_width_content&#8221; full_screen_row_position=&#8221;middle&#8221; column_margin=&#8221;default&#8221; column_direction=&#8221;default&#8221; column_direction_tablet=&#8221;default&#8221; column_direction_phone=&#8221;default&#8221; bg_image=&#8221;20&#8243; bg_position=&#8221;center top&#8221; background_image_loading=&#8221;default&#8221; bg_repeat=&#8221;no-repeat&#8221; full_height=&#8221;yes&#8221; scene_position=&#8221;center&#8221; left_padding_desktop=&#8221;50&#8243; constrain_group_2=&#8221;yes&#8221; right_padding_desktop=&#8221;50&#8243; top_padding_phone=&#8221;50&#8243; left_padding_phone=&#8221;25&#8243; constrain_group_6=&#8221;yes&#8221; right_padding_phone=&#8221;25&#8243; text_color=&#8221;light&#8221; text_align=&#8221;left&#8221; row_border_radius=&#8221;none&#8221; row_border_radius_applies=&#8221;bg&#8221; overflow=&#8221;visible&#8221; id=&#8221;mocs-home&#8221; advanced_gradient=&#8221;linear-gradient(180deg, rgba(0,28,71,0) 52%,&#8230;<\/p>\n","protected":false},"author":1,"featured_media":0,"parent":0,"menu_order":0,"comment_status":"closed","ping_status":"open","template":"","meta":{"inline_featured_image":false,"footnotes":""},"class_list":["post-1603","page","type-page","status-publish"],"_links":{"self":[{"href":"https:\/\/www.mocs-drilling.com\/pt-pt\/wp-json\/wp\/v2\/pages\/1603","targetHints":{"allow":["GET"]}}],"collection":[{"href":"https:\/\/www.mocs-drilling.com\/pt-pt\/wp-json\/wp\/v2\/pages"}],"about":[{"href":"https:\/\/www.mocs-drilling.com\/pt-pt\/wp-json\/wp\/v2\/types\/page"}],"author":[{"embeddable":true,"href":"https:\/\/www.mocs-drilling.com\/pt-pt\/wp-json\/wp\/v2\/users\/1"}],"replies":[{"embeddable":true,"href":"https:\/\/www.mocs-drilling.com\/pt-pt\/wp-json\/wp\/v2\/comments?post=1603"}],"version-history":[{"count":4,"href":"https:\/\/www.mocs-drilling.com\/pt-pt\/wp-json\/wp\/v2\/pages\/1603\/revisions"}],"predecessor-version":[{"id":1621,"href":"https:\/\/www.mocs-drilling.com\/pt-pt\/wp-json\/wp\/v2\/pages\/1603\/revisions\/1621"}],"wp:attachment":[{"href":"https:\/\/www.mocs-drilling.com\/pt-pt\/wp-json\/wp\/v2\/media?parent=1603"}],"curies":[{"name":"wp","href":"https:\/\/api.w.org\/{rel}","templated":true}]}}